{"id":1096,"date":"2023-01-18T16:25:28","date_gmt":"2023-01-18T16:25:28","guid":{"rendered":"https:\/\/groundfish.psmfc.org\/index.php\/conferences\/2023wgc\/sponsors2023-copy-copy-copy-copy-2-copy-copy\/"},"modified":"2023-01-20T00:42:13","modified_gmt":"2023-01-20T00:42:13","slug":"dei2023","status":"publish","type":"page","link":"https:\/\/groundfish.psmfc.org\/index.php\/conferences\/2023wgc\/dei2023\/","title":{"rendered":"Diversity, Equity and Inclusion"},"content":{"rendered":"\t\t<div data-elementor-type=\"wp-page\" data-elementor-id=\"1096\" class=\"elementor elementor-1096\" data-elementor-post-type=\"page\">\n\t\t\t\t\t\t<section class=\"elementor-section elementor-top-section elementor-element elementor-element-2aba274 elementor-section-boxed elementor-section-height-default elementor-section-height-default\" data-id=\"2aba274\" data-element_type=\"section\" data-e-type=\"section\">\n\t\t\t\t\t\t<div class=\"elementor-container elementor-column-gap-default\">\n\t\t\t\t\t<div class=\"elementor-column elementor-col-100 elementor-top-column elementor-element elementor-element-3b4bf08\" data-id=\"3b4bf08\" data-element_type=\"column\" data-e-type=\"column\">\n\t\t\t<div class=\"elementor-widget-wrap elementor-element-populated\">\n\t\t\t\t\t\t<div class=\"elementor-element elementor-element-0e6fca5 elementor-widget elementor-widget-image\" data-id=\"0e6fca5\" data-element_type=\"widget\" data-e-type=\"widget\" data-widget_type=\"image.default\">\n\t\t\t\t<div class=\"elementor-widget-container\">\n\t\t\t\t\t\t\t\t\t\t\t\t\t\t\t<img decoding=\"async\" width=\"300\" height=\"138\" src=\"https:\/\/groundfish.psmfc.org\/wp-content\/uploads\/2023\/01\/2023-WGC-300x138.jpg\" class=\"attachment-medium size-medium wp-image-1009\" alt=\"\" srcset=\"https:\/\/groundfish.psmfc.org\/wp-content\/uploads\/2023\/01\/2023-WGC-300x138.jpg 300w, https:\/\/groundfish.psmfc.org\/wp-content\/uploads\/2023\/01\/2023-WGC-1024x471.jpg 1024w, https:\/\/groundfish.psmfc.org\/wp-content\/uploads\/2023\/01\/2023-WGC-768x353.jpg 768w, https:\/\/groundfish.psmfc.org\/wp-content\/uploads\/2023\/01\/2023-WGC-1536x706.jpg 1536w, https:\/\/groundfish.psmfc.org\/wp-content\/uploads\/2023\/01\/2023-WGC.jpg 2048w\" sizes=\"(max-width: 300px) 100vw, 300px\" \/>\t\t\t\t\t\t\t\t\t\t\t\t\t\t\t<\/div>\n\t\t\t\t<\/div>\n\t\t\t\t<div class=\"elementor-element elementor-element-3ae634e elementor-widget elementor-widget-text-editor\" data-id=\"3ae634e\" data-element_type=\"widget\" data-e-type=\"widget\" data-widget_type=\"text-editor.default\">\n\t\t\t\t<div class=\"elementor-widget-container\">\n\t\t\t\t\t\t\t\t\t<p><strong>The Western Groundfish Conference acknowledges historical lands and peoples.<\/strong><\/p><p>The Western Groundfish Conference acknowledges historical lands and peoples. We would like to recognize that we will be meeting on Ling\u00edt Aan\u00ed, the unceded territory of the \u00c1ak\u2019w Kw\u00e1an people. We acknowledge that Ling\u00edt Peoples have been stewards of Southeast Alaska from time immemorial and their language, culture, and livelihoods were unjustly stripped from them by colonialism. We also acknowledge the T\u2019aa\u1e35u Kw\u00e1an people, who immigrated to Juneau from what is now Canada during the Gold Rush era and were also unjustly persecuted. We strongly encourage all conference participants to engage with the Indigenous peoples who have historically and continue to steward the lands and resources upon which they rely. Visit <a href=\"https:\/\/native-land.ca\/\">native-land.ca<\/a> to learn more about the Native lands on which you reside.<\/p><p>\u00a0<\/p><p><strong>The Western Groundfish School of Diversity, Equity, and Inclusion.<\/strong><\/p><p>Much like a school of fishes, the Western Groundfish Conference and its members are committed to the equity and inclusion of all persons. We harbor a safe shoal for everyone to freely express how they identify regarding gender, race, ethnicity, nationality, religion, sexual orientation, or disability by adopting a zero-tolerance policy on harassment and discrimination. We encourage everyone to familiarize themselves with inclusive language which can be viewed at <a href=\"https:\/\/www.apa.org\/about\/apa\/equity-diversity-inclusion\/language-guidelines\">Inclusive Language\u00a0 Guidelines (apa.org)<\/a>. WGC is committed to supporting underrepresented groups by helping to fund\u00a0travel expenses, providing facilities accommodations, and offering alternative food options. This conference will be held in the Elizabeth Peratrovich Hall. The Hall\u2019s name honors an Indigenous\u00a0woman of distinction, <a href=\"https:\/\/en.wikipedia.org\/wiki\/Elizabeth_Peratrovich\">Elizabeth Peratrovich &#8211; Wikipedia<\/a>. As we continue to evolve and grow as people\u00a0and scientists, we welcome suggestions for how we may better increase diversity, equity, and inclusion among WGC participants.<\/p>\t\t\t\t\t\t\t\t<\/div>\n\t\t\t\t<\/div>\n\t\t\t\t\t<\/div>\n\t\t<\/div>\n\t\t\t\t\t<\/div>\n\t\t<\/section>\n\t\t\t\t<section class=\"elementor-section elementor-top-section elementor-element elementor-element-281b073 elementor-section-boxed elementor-section-height-default elementor-section-height-default\" data-id=\"281b073\" data-element_type=\"section\" data-e-type=\"section\">\n\t\t\t\t\t\t<div class=\"elementor-container elementor-column-gap-default\">\n\t\t\t\t\t<div class=\"elementor-column elementor-col-100 elementor-top-column elementor-element elementor-element-8cd57e1\" data-id=\"8cd57e1\" data-element_type=\"column\" data-e-type=\"column\">\n\t\t\t<div class=\"elementor-widget-wrap elementor-element-populated\">\n\t\t\t\t\t\t<div class=\"elementor-element elementor-element-77dbb7a elementor-view-default elementor-widget elementor-widget-icon\" data-id=\"77dbb7a\" data-element_type=\"widget\" data-e-type=\"widget\" data-widget_type=\"icon.default\">\n\t\t\t\t<div class=\"elementor-widget-container\">\n\t\t\t\t\t\t\t<div class=\"elementor-icon-wrapper\">\n\t\t\t<a class=\"elementor-icon\" href=\"https:\/\/twitter.com\/wg23_ak\">\n\t\t\t<i aria-hidden=\"true\" class=\"fab fa-twitter\"><\/i>\t\t\t<\/a>\n\t\t<\/div>\n\t\t\t\t\t\t<\/div>\n\t\t\t\t<\/div>\n\t\t\t\t\t<\/div>\n\t\t<\/div>\n\t\t\t\t\t<\/div>\n\t\t<\/section>\n\t\t\t\t<\/div>\n\t\t","protected":false},"excerpt":{"rendered":"<p>The Western Groundfish Conference acknowledges historical lands and peoples. The Western Groundfish Conference acknowledges historical lands and peoples. We would like to recognize that we will be meeting on Ling\u00edt Aan\u00ed, the unceded territory of the \u00c1ak\u2019w Kw\u00e1an people. We acknowledge that Ling\u00edt Peoples have been stewards of Southeast Alaska from time immemorial and their [&hellip;]<\/p>\n","protected":false},"author":9,"featured_media":0,"parent":951,"menu_order":2,"comment_status":"closed","ping_status":"closed","template":"elementor_header_footer","meta":{"ocean_post_layout":"","ocean_both_sidebars_style":"","ocean_both_sidebars_content_width":0,"ocean_both_sidebars_sidebars_width":0,"ocean_sidebar":"0","ocean_second_sidebar":"0","ocean_disable_margins":"enable","ocean_add_body_class":"","ocean_shortcode_before_top_bar":"","ocean_shortcode_after_top_bar":"","ocean_shortcode_before_header":"","ocean_shortcode_after_header":"","ocean_has_shortcode":"","ocean_shortcode_after_title":"","ocean_shortcode_before_footer_widgets":"","ocean_shortcode_after_footer_widgets":"","ocean_shortcode_before_footer_bottom":"","ocean_shortcode_after_footer_bottom":"","ocean_display_top_bar":"default","ocean_display_header":"default","ocean_header_style":"","ocean_center_header_left_menu":"0","ocean_custom_header_template":"0","ocean_custom_logo":0,"ocean_custom_retina_logo":0,"ocean_custom_logo_max_width":0,"ocean_custom_logo_tablet_max_width":0,"ocean_custom_logo_mobile_max_width":0,"ocean_custom_logo_max_height":0,"ocean_custom_logo_tablet_max_height":0,"ocean_custom_logo_mobile_max_height":0,"ocean_header_custom_menu":"0","ocean_menu_typo_font_family":"0","ocean_menu_typo_font_subset":"","ocean_menu_typo_font_size":0,"ocean_menu_typo_font_size_tablet":0,"ocean_menu_typo_font_size_mobile":0,"ocean_menu_typo_font_size_unit":"px","ocean_menu_typo_font_weight":"","ocean_menu_typo_font_weight_tablet":"","ocean_menu_typo_font_weight_mobile":"","ocean_menu_typo_transform":"","ocean_menu_typo_transform_tablet":"","ocean_menu_typo_transform_mobile":"","ocean_menu_typo_line_height":0,"ocean_menu_typo_line_height_tablet":0,"ocean_menu_typo_line_height_mobile":0,"ocean_menu_typo_line_height_unit":"","ocean_menu_typo_spacing":0,"ocean_menu_typo_spacing_tablet":0,"ocean_menu_typo_spacing_mobile":0,"ocean_menu_typo_spacing_unit":"","ocean_menu_link_color":"","ocean_menu_link_color_hover":"","ocean_menu_link_color_active":"","ocean_menu_link_background":"","ocean_menu_link_hover_background":"","ocean_menu_link_active_background":"","ocean_menu_social_links_bg":"","ocean_menu_social_hover_links_bg":"","ocean_menu_social_links_color":"","ocean_menu_social_hover_links_color":"","ocean_disable_title":"default","ocean_disable_heading":"default","ocean_post_title":"","ocean_post_subheading":"April 24-28, 2023 - Juneau, Alaska","ocean_post_title_style":"solid-color","ocean_post_title_background_color":"#79a4b9","ocean_post_title_background":0,"ocean_post_title_bg_image_position":"","ocean_post_title_bg_image_attachment":"","ocean_post_title_bg_image_repeat":"","ocean_post_title_bg_image_size":"","ocean_post_title_height":0,"ocean_post_title_bg_overlay":0.5,"ocean_post_title_bg_overlay_color":"","ocean_disable_breadcrumbs":"default","ocean_breadcrumbs_color":"","ocean_breadcrumbs_separator_color":"","ocean_breadcrumbs_links_color":"","ocean_breadcrumbs_links_hover_color":"","ocean_display_footer_widgets":"default","ocean_display_footer_bottom":"default","ocean_custom_footer_template":"0","footnotes":""},"class_list":["post-1096","page","type-page","status-publish","hentry","entry"],"yoast_head":"<!-- This site is optimized with the Yoast SEO plugin v27.5 - https:\/\/yoast.com\/product\/yoast-seo-wordpress\/ -->\n<title>Diversity, Equity and Inclusion - Groundfish GTC<\/title>\n<meta name=\"robots\" content=\"index, follow, max-snippet:-1, max-image-preview:large, max-video-preview:-1\" \/>\n<link rel=\"canonical\" href=\"https:\/\/groundfish.psmfc.org\/index.php\/conferences\/2023wgc\/dei2023\/\" \/>\n<meta property=\"og:locale\" content=\"en_US\" \/>\n<meta property=\"og:type\" content=\"article\" \/>\n<meta property=\"og:title\" content=\"Diversity, Equity and Inclusion - Groundfish GTC\" \/>\n<meta property=\"og:description\" content=\"The Western Groundfish Conference acknowledges historical lands and peoples. The Western Groundfish Conference acknowledges historical lands and peoples. We would like to recognize that we will be meeting on Ling\u00edt Aan\u00ed, the unceded territory of the \u00c1ak\u2019w Kw\u00e1an people. We acknowledge that Ling\u00edt Peoples have been stewards of Southeast Alaska from time immemorial and their [&hellip;]\" \/>\n<meta property=\"og:url\" content=\"https:\/\/groundfish.psmfc.org\/index.php\/conferences\/2023wgc\/dei2023\/\" \/>\n<meta property=\"og:site_name\" content=\"Groundfish GTC\" \/>\n<meta property=\"article:modified_time\" content=\"2023-01-20T00:42:13+00:00\" \/>\n<meta property=\"og:image\" content=\"https:\/\/groundfish.psmfc.org\/wp-content\/uploads\/2023\/01\/2023-WGC-300x138.jpg\" \/>\n<meta name=\"twitter:card\" content=\"summary_large_image\" \/>\n<meta name=\"twitter:label1\" content=\"Est. reading time\" \/>\n\t<meta name=\"twitter:data1\" content=\"2 minutes\" \/>\n<script type=\"application\/ld+json\" class=\"yoast-schema-graph\">{\"@context\":\"https:\\\/\\\/schema.org\",\"@graph\":[{\"@type\":\"WebPage\",\"@id\":\"https:\\\/\\\/groundfish.psmfc.org\\\/index.php\\\/conferences\\\/2023wgc\\\/dei2023\\\/\",\"url\":\"https:\\\/\\\/groundfish.psmfc.org\\\/index.php\\\/conferences\\\/2023wgc\\\/dei2023\\\/\",\"name\":\"Diversity, Equity and Inclusion - Groundfish GTC\",\"isPartOf\":{\"@id\":\"https:\\\/\\\/groundfish.psmfc.org\\\/#website\"},\"primaryImageOfPage\":{\"@id\":\"https:\\\/\\\/groundfish.psmfc.org\\\/index.php\\\/conferences\\\/2023wgc\\\/dei2023\\\/#primaryimage\"},\"image\":{\"@id\":\"https:\\\/\\\/groundfish.psmfc.org\\\/index.php\\\/conferences\\\/2023wgc\\\/dei2023\\\/#primaryimage\"},\"thumbnailUrl\":\"https:\\\/\\\/groundfish.psmfc.org\\\/wp-content\\\/uploads\\\/2023\\\/01\\\/2023-WGC-300x138.jpg\",\"datePublished\":\"2023-01-18T16:25:28+00:00\",\"dateModified\":\"2023-01-20T00:42:13+00:00\",\"breadcrumb\":{\"@id\":\"https:\\\/\\\/groundfish.psmfc.org\\\/index.php\\\/conferences\\\/2023wgc\\\/dei2023\\\/#breadcrumb\"},\"inLanguage\":\"en-US\",\"potentialAction\":[{\"@type\":\"ReadAction\",\"target\":[\"https:\\\/\\\/groundfish.psmfc.org\\\/index.php\\\/conferences\\\/2023wgc\\\/dei2023\\\/\"]}]},{\"@type\":\"ImageObject\",\"inLanguage\":\"en-US\",\"@id\":\"https:\\\/\\\/groundfish.psmfc.org\\\/index.php\\\/conferences\\\/2023wgc\\\/dei2023\\\/#primaryimage\",\"url\":\"https:\\\/\\\/groundfish.psmfc.org\\\/wp-content\\\/uploads\\\/2023\\\/01\\\/2023-WGC.jpg\",\"contentUrl\":\"https:\\\/\\\/groundfish.psmfc.org\\\/wp-content\\\/uploads\\\/2023\\\/01\\\/2023-WGC.jpg\",\"width\":2048,\"height\":941},{\"@type\":\"BreadcrumbList\",\"@id\":\"https:\\\/\\\/groundfish.psmfc.org\\\/index.php\\\/conferences\\\/2023wgc\\\/dei2023\\\/#breadcrumb\",\"itemListElement\":[{\"@type\":\"ListItem\",\"position\":1,\"name\":\"Home\",\"item\":\"https:\\\/\\\/groundfish.psmfc.org\\\/\"},{\"@type\":\"ListItem\",\"position\":2,\"name\":\"Conferences\",\"item\":\"https:\\\/\\\/groundfish.psmfc.org\\\/index.php\\\/conferences\\\/\"},{\"@type\":\"ListItem\",\"position\":3,\"name\":\"2023 Western Groundfish Conference\",\"item\":\"https:\\\/\\\/groundfish.psmfc.org\\\/index.php\\\/conferences\\\/2023wgc\\\/\"},{\"@type\":\"ListItem\",\"position\":4,\"name\":\"Diversity, Equity and Inclusion\"}]},{\"@type\":\"WebSite\",\"@id\":\"https:\\\/\\\/groundfish.psmfc.org\\\/#website\",\"url\":\"https:\\\/\\\/groundfish.psmfc.org\\\/\",\"name\":\"Groundfish GTC\",\"description\":\"Groundfish GTC\",\"publisher\":{\"@id\":\"https:\\\/\\\/groundfish.psmfc.org\\\/#organization\"},\"potentialAction\":[{\"@type\":\"SearchAction\",\"target\":{\"@type\":\"EntryPoint\",\"urlTemplate\":\"https:\\\/\\\/groundfish.psmfc.org\\\/?s={search_term_string}\"},\"query-input\":{\"@type\":\"PropertyValueSpecification\",\"valueRequired\":true,\"valueName\":\"search_term_string\"}}],\"inLanguage\":\"en-US\"},{\"@type\":\"Organization\",\"@id\":\"https:\\\/\\\/groundfish.psmfc.org\\\/#organization\",\"name\":\"Groundfish GTC\",\"url\":\"https:\\\/\\\/groundfish.psmfc.org\\\/\",\"logo\":{\"@type\":\"ImageObject\",\"inLanguage\":\"en-US\",\"@id\":\"https:\\\/\\\/groundfish.psmfc.org\\\/#\\\/schema\\\/logo\\\/image\\\/\",\"url\":\"https:\\\/\\\/groundfish.psmfc.org\\\/wp-content\\\/uploads\\\/2026\\\/04\\\/Adobe-Express-file.png\",\"contentUrl\":\"https:\\\/\\\/groundfish.psmfc.org\\\/wp-content\\\/uploads\\\/2026\\\/04\\\/Adobe-Express-file.png\",\"width\":313,\"height\":215,\"caption\":\"Groundfish GTC\"},\"image\":{\"@id\":\"https:\\\/\\\/groundfish.psmfc.org\\\/#\\\/schema\\\/logo\\\/image\\\/\"}}]}<\/script>\n<!-- \/ Yoast SEO plugin. -->","yoast_head_json":{"title":"Diversity, Equity and Inclusion - Groundfish GTC","robots":{"index":"index","follow":"follow","max-snippet":"max-snippet:-1","max-image-preview":"max-image-preview:large","max-video-preview":"max-video-preview:-1"},"canonical":"https:\/\/groundfish.psmfc.org\/index.php\/conferences\/2023wgc\/dei2023\/","og_locale":"en_US","og_type":"article","og_title":"Diversity, Equity and Inclusion - Groundfish GTC","og_description":"The Western Groundfish Conference acknowledges historical lands and peoples. The Western Groundfish Conference acknowledges historical lands and peoples. We would like to recognize that we will be meeting on Ling\u00edt Aan\u00ed, the unceded territory of the \u00c1ak\u2019w Kw\u00e1an people. We acknowledge that Ling\u00edt Peoples have been stewards of Southeast Alaska from time immemorial and their [&hellip;]","og_url":"https:\/\/groundfish.psmfc.org\/index.php\/conferences\/2023wgc\/dei2023\/","og_site_name":"Groundfish GTC","article_modified_time":"2023-01-20T00:42:13+00:00","og_image":[{"url":"https:\/\/groundfish.psmfc.org\/wp-content\/uploads\/2023\/01\/2023-WGC-300x138.jpg","type":"","width":"","height":""}],"twitter_card":"summary_large_image","twitter_misc":{"Est. reading time":"2 minutes"},"schema":{"@context":"https:\/\/schema.org","@graph":[{"@type":"WebPage","@id":"https:\/\/groundfish.psmfc.org\/index.php\/conferences\/2023wgc\/dei2023\/","url":"https:\/\/groundfish.psmfc.org\/index.php\/conferences\/2023wgc\/dei2023\/","name":"Diversity, Equity and Inclusion - Groundfish GTC","isPartOf":{"@id":"https:\/\/groundfish.psmfc.org\/#website"},"primaryImageOfPage":{"@id":"https:\/\/groundfish.psmfc.org\/index.php\/conferences\/2023wgc\/dei2023\/#primaryimage"},"image":{"@id":"https:\/\/groundfish.psmfc.org\/index.php\/conferences\/2023wgc\/dei2023\/#primaryimage"},"thumbnailUrl":"https:\/\/groundfish.psmfc.org\/wp-content\/uploads\/2023\/01\/2023-WGC-300x138.jpg","datePublished":"2023-01-18T16:25:28+00:00","dateModified":"2023-01-20T00:42:13+00:00","breadcrumb":{"@id":"https:\/\/groundfish.psmfc.org\/index.php\/conferences\/2023wgc\/dei2023\/#breadcrumb"},"inLanguage":"en-US","potentialAction":[{"@type":"ReadAction","target":["https:\/\/groundfish.psmfc.org\/index.php\/conferences\/2023wgc\/dei2023\/"]}]},{"@type":"ImageObject","inLanguage":"en-US","@id":"https:\/\/groundfish.psmfc.org\/index.php\/conferences\/2023wgc\/dei2023\/#primaryimage","url":"https:\/\/groundfish.psmfc.org\/wp-content\/uploads\/2023\/01\/2023-WGC.jpg","contentUrl":"https:\/\/groundfish.psmfc.org\/wp-content\/uploads\/2023\/01\/2023-WGC.jpg","width":2048,"height":941},{"@type":"BreadcrumbList","@id":"https:\/\/groundfish.psmfc.org\/index.php\/conferences\/2023wgc\/dei2023\/#breadcrumb","itemListElement":[{"@type":"ListItem","position":1,"name":"Home","item":"https:\/\/groundfish.psmfc.org\/"},{"@type":"ListItem","position":2,"name":"Conferences","item":"https:\/\/groundfish.psmfc.org\/index.php\/conferences\/"},{"@type":"ListItem","position":3,"name":"2023 Western Groundfish Conference","item":"https:\/\/groundfish.psmfc.org\/index.php\/conferences\/2023wgc\/"},{"@type":"ListItem","position":4,"name":"Diversity, Equity and Inclusion"}]},{"@type":"WebSite","@id":"https:\/\/groundfish.psmfc.org\/#website","url":"https:\/\/groundfish.psmfc.org\/","name":"Groundfish GTC","description":"Groundfish GTC","publisher":{"@id":"https:\/\/groundfish.psmfc.org\/#organization"},"potentialAction":[{"@type":"SearchAction","target":{"@type":"EntryPoint","urlTemplate":"https:\/\/groundfish.psmfc.org\/?s={search_term_string}"},"query-input":{"@type":"PropertyValueSpecification","valueRequired":true,"valueName":"search_term_string"}}],"inLanguage":"en-US"},{"@type":"Organization","@id":"https:\/\/groundfish.psmfc.org\/#organization","name":"Groundfish GTC","url":"https:\/\/groundfish.psmfc.org\/","logo":{"@type":"ImageObject","inLanguage":"en-US","@id":"https:\/\/groundfish.psmfc.org\/#\/schema\/logo\/image\/","url":"https:\/\/groundfish.psmfc.org\/wp-content\/uploads\/2026\/04\/Adobe-Express-file.png","contentUrl":"https:\/\/groundfish.psmfc.org\/wp-content\/uploads\/2026\/04\/Adobe-Express-file.png","width":313,"height":215,"caption":"Groundfish GTC"},"image":{"@id":"https:\/\/groundfish.psmfc.org\/#\/schema\/logo\/image\/"}}]}},"_links":{"self":[{"href":"https:\/\/groundfish.psmfc.org\/index.php\/wp-json\/wp\/v2\/pages\/1096","targetHints":{"allow":["GET"]}}],"collection":[{"href":"https:\/\/groundfish.psmfc.org\/index.php\/wp-json\/wp\/v2\/pages"}],"about":[{"href":"https:\/\/groundfish.psmfc.org\/index.php\/wp-json\/wp\/v2\/types\/page"}],"author":[{"embeddable":true,"href":"https:\/\/groundfish.psmfc.org\/index.php\/wp-json\/wp\/v2\/users\/9"}],"replies":[{"embeddable":true,"href":"https:\/\/groundfish.psmfc.org\/index.php\/wp-json\/wp\/v2\/comments?post=1096"}],"version-history":[{"count":21,"href":"https:\/\/groundfish.psmfc.org\/index.php\/wp-json\/wp\/v2\/pages\/1096\/revisions"}],"predecessor-version":[{"id":1425,"href":"https:\/\/groundfish.psmfc.org\/index.php\/wp-json\/wp\/v2\/pages\/1096\/revisions\/1425"}],"up":[{"embeddable":true,"href":"https:\/\/groundfish.psmfc.org\/index.php\/wp-json\/wp\/v2\/pages\/951"}],"wp:attachment":[{"href":"https:\/\/groundfish.psmfc.org\/index.php\/wp-json\/wp\/v2\/media?parent=1096"}],"curies":[{"name":"wp","href":"https:\/\/api.w.org\/{rel}","templated":true}]}}